{"id":277,"date":"2022-05-23T11:10:11","date_gmt":"2022-05-23T11:10:11","guid":{"rendered":"http:\/\/dummy.xtemos.com\/woodmart2\/megamarket-elementor\/?page_id=277"},"modified":"2024-08-15T11:59:42","modified_gmt":"2024-08-15T08:59:42","slug":"automobiliu-palyginimas","status":"publish","type":"page","link":"https:\/\/inexauto.com\/ru\/automobiliu-palyginimas\/","title":{"rendered":"\u0421\u0440\u0430\u0432\u043d\u0435\u043d\u0438\u0435 \u0430\u0432\u0442\u043e\u043c\u043e\u0431\u0438\u043b\u0435\u0439"},"content":{"rendered":"<div data-elementor-type=\"wp-page\" data-elementor-id=\"277\" class=\"elementor elementor-277\" data-elementor-post-type=\"page\">\n\t\t\t\t<div class=\"wd-negative-gap elementor-element elementor-element-9545dc8 e-flex e-con-boxed e-con e-parent\" data-id=\"9545dc8\" data-element_type=\"container\" data-e-type=\"container\" data-settings=\"{&quot;background_background&quot;:&quot;classic&quot;}\">\n\t\t\t\t\t<div class=\"e-con-inner\">\n\t\t\t\t<div class=\"elementor-element elementor-element-8ae8ded elementor-widget elementor-widget-heading\" data-id=\"8ae8ded\" data-element_type=\"widget\" data-e-type=\"widget\" data-widget_type=\"heading.default\">\n\t\t\t\t<div class=\"elementor-widget-container\">\n\t\t\t\t\t<h1 class=\"elementor-heading-title elementor-size-default\">\u0421\u0440\u0430\u0432\u043d\u0435\u043d\u0438\u0435 \u0430\u0432\u0442\u043e\u043c\u043e\u0431\u0438\u043b\u0435\u0439<\/h1>\t\t\t\t<\/div>\n\t\t\t\t<\/div>\n\t\t\t\t\t<\/div>\n\t\t\t\t<\/div>\n\t\t<div class=\"wd-negative-gap elementor-element elementor-element-686b466 e-flex e-con-boxed e-con e-parent\" data-id=\"686b466\" data-element_type=\"container\" data-e-type=\"container\">\n\t\t\t\t\t<div class=\"e-con-inner\">\n\t\t\t\t<div class=\"elementor-element elementor-element-1f7bfde elementor-widget elementor-widget-shortcode\" data-id=\"1f7bfde\" data-element_type=\"widget\" data-e-type=\"widget\" data-widget_type=\"shortcode.default\">\n\t\t\t\t<div class=\"elementor-widget-container\">\n\t\t\t\t\t\t\t<div class=\"elementor-shortcode\">\t\t<p class=\"wd-empty-compare wd-empty-page\">\n\t\t\tCompare list is empty.\t\t<\/p>\n\t\t\t\t\t<div class=\"wd-empty-page-text\">\n\t\t\t\tJ\u016bs dar neprid\u0117jote automobili\u0173 \u012f palyginimo lentel\u0119. Prie prek\u0117s rasite \u017eenkliuk\u0105 \"Palyginti\" j\u012f paspauskite prie norim\u0173 automobili\u0173\t\t\t<\/div>\n\t\t\t\t<p class=\"return-to-shop\">\n\t\t\t<a class=\"button\" href=\"https:\/\/inexauto.com\/ru\/automobiliai\/\">\n\t\t\t\tReturn to shop\t\t\t<\/a>\n\t\t<\/p>\n\t\t<\/div>\n\t\t\t\t\t\t<\/div>\n\t\t\t\t<\/div>\n\t\t\t\t\t<\/div>\n\t\t\t\t<\/div>\n\t\t\t\t<\/div>","protected":false},"excerpt":{"rendered":"<p>\u0421\u0440\u0430\u0432\u043d\u0435\u043d\u0438\u0435 \u0430\u0432\u0442\u043e\u043c\u043e\u0431\u0438\u043b\u0435\u0439<\/p>","protected":false},"author":1,"featured_media":0,"parent":0,"menu_order":0,"comment_status":"closed","ping_status":"closed","template":"elementor_theme","meta":{"footnotes":""},"class_list":["post-277","page","type-page","status-publish","hentry"],"yoast_head":"<!-- This site is optimized with the Yoast SEO plugin v27.4 - https:\/\/yoast.com\/product\/yoast-seo-wordpress\/ -->\n<title>Automobili\u0173 palyginimas - INEX AUTO<\/title>\n<meta name=\"description\" content=\"Tiesioginis automobili\u0173 importas be tarpinink\u0173 i\u0161 Amerikos leid\u017eia mums pasi\u016blyti jums automobilius pigiau\" \/>\n<meta name=\"robots\" content=\"index, follow, max-snippet:-1, max-image-preview:large, max-video-preview:-1\" \/>\n<link rel=\"canonical\" href=\"https:\/\/inexauto.com\/ru\/automobiliu-palyginimas\/\" \/>\n<meta property=\"og:locale\" content=\"ru_RU\" \/>\n<meta property=\"og:type\" content=\"article\" \/>\n<meta property=\"og:title\" content=\"Automobili\u0173 palyginimas - INEX AUTO\" \/>\n<meta property=\"og:description\" content=\"Tiesioginis automobili\u0173 importas be tarpinink\u0173 i\u0161 Amerikos leid\u017eia mums pasi\u016blyti jums automobilius pigiau\" \/>\n<meta property=\"og:url\" content=\"https:\/\/inexauto.com\/ru\/automobiliu-palyginimas\/\" \/>\n<meta property=\"og:site_name\" content=\"INEX AUTO\" \/>\n<meta property=\"article:modified_time\" content=\"2024-08-15T08:59:42+00:00\" \/>\n<meta name=\"twitter:card\" content=\"summary_large_image\" \/>\n<meta name=\"twitter:label1\" content=\"\u041f\u0440\u0438\u043c\u0435\u0440\u043d\u043e\u0435 \u0432\u0440\u0435\u043c\u044f \u0434\u043b\u044f \u0447\u0442\u0435\u043d\u0438\u044f\" \/>\n\t<meta name=\"twitter:data1\" content=\"1 \u043c\u0438\u043d\u0443\u0442\u0430\" \/>\n<script type=\"application\/ld+json\" class=\"yoast-schema-graph\">{\"@context\":\"https:\\\/\\\/schema.org\",\"@graph\":[{\"@type\":\"WebPage\",\"@id\":\"https:\\\/\\\/inexauto.com\\\/automobiliu-palyginimas\\\/\",\"url\":\"https:\\\/\\\/inexauto.com\\\/automobiliu-palyginimas\\\/\",\"name\":\"Automobili\u0173 palyginimas - INEX AUTO\",\"isPartOf\":{\"@id\":\"https:\\\/\\\/inexauto.com\\\/#website\"},\"datePublished\":\"2022-05-23T11:10:11+00:00\",\"dateModified\":\"2024-08-15T08:59:42+00:00\",\"description\":\"Tiesioginis automobili\u0173 importas be tarpinink\u0173 i\u0161 Amerikos leid\u017eia mums pasi\u016blyti jums automobilius pigiau\",\"breadcrumb\":{\"@id\":\"https:\\\/\\\/inexauto.com\\\/automobiliu-palyginimas\\\/#breadcrumb\"},\"inLanguage\":\"ru-RU\",\"potentialAction\":[{\"@type\":\"ReadAction\",\"target\":[\"https:\\\/\\\/inexauto.com\\\/automobiliu-palyginimas\\\/\"]}]},{\"@type\":\"BreadcrumbList\",\"@id\":\"https:\\\/\\\/inexauto.com\\\/automobiliu-palyginimas\\\/#breadcrumb\",\"itemListElement\":[{\"@type\":\"ListItem\",\"position\":1,\"name\":\"Prad\u017eia\",\"item\":\"https:\\\/\\\/inexauto.com\\\/\"},{\"@type\":\"ListItem\",\"position\":2,\"name\":\"Automobili\u0173 palyginimas\"}]},{\"@type\":\"WebSite\",\"@id\":\"https:\\\/\\\/inexauto.com\\\/#website\",\"url\":\"https:\\\/\\\/inexauto.com\\\/\",\"name\":\"INEX AUTO\",\"description\":\"Automobiliai i\u0161 Amerikos\",\"publisher\":{\"@id\":\"https:\\\/\\\/inexauto.com\\\/#organization\"},\"potentialAction\":[{\"@type\":\"SearchAction\",\"target\":{\"@type\":\"EntryPoint\",\"urlTemplate\":\"https:\\\/\\\/inexauto.com\\\/?s={search_term_string}\"},\"query-input\":{\"@type\":\"PropertyValueSpecification\",\"valueRequired\":true,\"valueName\":\"search_term_string\"}}],\"inLanguage\":\"ru-RU\"},{\"@type\":\"Organization\",\"@id\":\"https:\\\/\\\/inexauto.com\\\/#organization\",\"name\":\"INEXAUTO\",\"url\":\"https:\\\/\\\/inexauto.com\\\/\",\"logo\":{\"@type\":\"ImageObject\",\"inLanguage\":\"ru-RU\",\"@id\":\"https:\\\/\\\/inexauto.com\\\/#\\\/schema\\\/logo\\\/image\\\/\",\"url\":\"https:\\\/\\\/inexauto.com\\\/wp-content\\\/uploads\\\/2024\\\/07\\\/inexauto-logo.png\",\"contentUrl\":\"https:\\\/\\\/inexauto.com\\\/wp-content\\\/uploads\\\/2024\\\/07\\\/inexauto-logo.png\",\"width\":718,\"height\":471,\"caption\":\"INEXAUTO\"},\"image\":{\"@id\":\"https:\\\/\\\/inexauto.com\\\/#\\\/schema\\\/logo\\\/image\\\/\"}}]}<\/script>\n<!-- \/ Yoast SEO plugin. -->","yoast_head_json":{"title":"Automobili\u0173 palyginimas - INEX AUTO","description":"Tiesioginis automobili\u0173 importas be tarpinink\u0173 i\u0161 Amerikos leid\u017eia mums pasi\u016blyti jums automobilius pigiau","robots":{"index":"index","follow":"follow","max-snippet":"max-snippet:-1","max-image-preview":"max-image-preview:large","max-video-preview":"max-video-preview:-1"},"canonical":"https:\/\/inexauto.com\/ru\/automobiliu-palyginimas\/","og_locale":"ru_RU","og_type":"article","og_title":"Automobili\u0173 palyginimas - INEX AUTO","og_description":"Tiesioginis automobili\u0173 importas be tarpinink\u0173 i\u0161 Amerikos leid\u017eia mums pasi\u016blyti jums automobilius pigiau","og_url":"https:\/\/inexauto.com\/ru\/automobiliu-palyginimas\/","og_site_name":"INEX AUTO","article_modified_time":"2024-08-15T08:59:42+00:00","twitter_card":"summary_large_image","twitter_misc":{"\u041f\u0440\u0438\u043c\u0435\u0440\u043d\u043e\u0435 \u0432\u0440\u0435\u043c\u044f \u0434\u043b\u044f \u0447\u0442\u0435\u043d\u0438\u044f":"1 \u043c\u0438\u043d\u0443\u0442\u0430"},"schema":{"@context":"https:\/\/schema.org","@graph":[{"@type":"WebPage","@id":"https:\/\/inexauto.com\/automobiliu-palyginimas\/","url":"https:\/\/inexauto.com\/automobiliu-palyginimas\/","name":"Automobili\u0173 palyginimas - INEX AUTO","isPartOf":{"@id":"https:\/\/inexauto.com\/#website"},"datePublished":"2022-05-23T11:10:11+00:00","dateModified":"2024-08-15T08:59:42+00:00","description":"Tiesioginis automobili\u0173 importas be tarpinink\u0173 i\u0161 Amerikos leid\u017eia mums pasi\u016blyti jums automobilius pigiau","breadcrumb":{"@id":"https:\/\/inexauto.com\/automobiliu-palyginimas\/#breadcrumb"},"inLanguage":"ru-RU","potentialAction":[{"@type":"ReadAction","target":["https:\/\/inexauto.com\/automobiliu-palyginimas\/"]}]},{"@type":"BreadcrumbList","@id":"https:\/\/inexauto.com\/automobiliu-palyginimas\/#breadcrumb","itemListElement":[{"@type":"ListItem","position":1,"name":"Prad\u017eia","item":"https:\/\/inexauto.com\/"},{"@type":"ListItem","position":2,"name":"Automobili\u0173 palyginimas"}]},{"@type":"WebSite","@id":"https:\/\/inexauto.com\/#website","url":"https:\/\/inexauto.com\/","name":"INEX AUTO","description":"\u0410\u0432\u0442\u043e\u043c\u043e\u0431\u0438\u043b\u0438 \u0438\u0437 \u0410\u043c\u0435\u0440\u0438\u043a\u0438","publisher":{"@id":"https:\/\/inexauto.com\/#organization"},"potentialAction":[{"@type":"SearchAction","target":{"@type":"EntryPoint","urlTemplate":"https:\/\/inexauto.com\/?s={search_term_string}"},"query-input":{"@type":"PropertyValueSpecification","valueRequired":true,"valueName":"search_term_string"}}],"inLanguage":"ru-RU"},{"@type":"Organization","@id":"https:\/\/inexauto.com\/#organization","name":"INEXAUTO","url":"https:\/\/inexauto.com\/","logo":{"@type":"ImageObject","inLanguage":"ru-RU","@id":"https:\/\/inexauto.com\/#\/schema\/logo\/image\/","url":"https:\/\/inexauto.com\/wp-content\/uploads\/2024\/07\/inexauto-logo.png","contentUrl":"https:\/\/inexauto.com\/wp-content\/uploads\/2024\/07\/inexauto-logo.png","width":718,"height":471,"caption":"INEXAUTO"},"image":{"@id":"https:\/\/inexauto.com\/#\/schema\/logo\/image\/"}}]}},"_links":{"self":[{"href":"https:\/\/inexauto.com\/ru\/wp-json\/wp\/v2\/pages\/277","targetHints":{"allow":["GET"]}}],"collection":[{"href":"https:\/\/inexauto.com\/ru\/wp-json\/wp\/v2\/pages"}],"about":[{"href":"https:\/\/inexauto.com\/ru\/wp-json\/wp\/v2\/types\/page"}],"author":[{"embeddable":true,"href":"https:\/\/inexauto.com\/ru\/wp-json\/wp\/v2\/users\/1"}],"replies":[{"embeddable":true,"href":"https:\/\/inexauto.com\/ru\/wp-json\/wp\/v2\/comments?post=277"}],"version-history":[{"count":33,"href":"https:\/\/inexauto.com\/ru\/wp-json\/wp\/v2\/pages\/277\/revisions"}],"predecessor-version":[{"id":3003,"href":"https:\/\/inexauto.com\/ru\/wp-json\/wp\/v2\/pages\/277\/revisions\/3003"}],"wp:attachment":[{"href":"https:\/\/inexauto.com\/ru\/wp-json\/wp\/v2\/media?parent=277"}],"curies":[{"name":"wp","href":"https:\/\/api.w.org\/{rel}","templated":true}]}}