{"id":3,"date":"2024-07-15T05:43:14","date_gmt":"2024-07-15T05:43:14","guid":{"rendered":"http:\/\/inexauto.com\/?page_id=3"},"modified":"2024-09-13T16:34:09","modified_gmt":"2024-09-13T13:34:09","slug":"privatumo-politika","status":"publish","type":"page","link":"https:\/\/inexauto.com\/en\/privatumo-politika\/","title":{"rendered":"Privacy policy"},"content":{"rendered":"<div data-elementor-type=\"wp-page\" data-elementor-id=\"3\" class=\"elementor elementor-3\" data-elementor-post-type=\"page\">\n\t\t\t\t<div class=\"wd-negative-gap elementor-element elementor-element-08fa2e4 e-flex e-con-boxed e-con e-parent\" data-id=\"08fa2e4\" data-element_type=\"container\" data-e-type=\"container\" data-settings=\"{&quot;background_background&quot;:&quot;classic&quot;}\">\n\t\t\t\t\t<div class=\"e-con-inner\">\n\t\t\t\t<div class=\"elementor-element elementor-element-e32b5f5 elementor-widget elementor-widget-heading\" data-id=\"e32b5f5\" data-element_type=\"widget\" data-e-type=\"widget\" data-widget_type=\"heading.default\">\n\t\t\t\t<div class=\"elementor-widget-container\">\n\t\t\t\t\t<h1 class=\"elementor-heading-title elementor-size-default\">Privacy policy<\/h1>\t\t\t\t<\/div>\n\t\t\t\t<\/div>\n\t\t\t\t\t<\/div>\n\t\t\t\t<\/div>\n\t\t<div class=\"wd-negative-gap elementor-element elementor-element-333348a e-flex e-con-boxed e-con e-parent\" data-id=\"333348a\" data-element_type=\"container\" data-e-type=\"container\">\n\t\t\t\t\t<div class=\"e-con-inner\">\n\t\t\t\t<div class=\"elementor-element elementor-element-b2f959d color-scheme-inherit text-left elementor-widget elementor-widget-text-editor\" data-id=\"b2f959d\" data-element_type=\"widget\" data-e-type=\"widget\" data-widget_type=\"text-editor.default\">\n\t\t\t\t<div class=\"elementor-widget-container\">\n\t\t\t\t\t\t\t\t\t<p>Edited and valid from: 2024-08-14<\/p><h3><strong>Introduction<\/strong><\/h3><p>INEXAUTO email at the store located at www.inexauto.com, one of our top priorities is the privacy of our visitors. This privacy policy document describes the types of information INEXAUTO collects and records and how we use it.<\/p><p>If you have additional questions or would like more information about our privacy policy, please do not hesitate to contact us by email. By mail: info@inexauto.com.<\/p><p>This Privacy Policy applies only to our online activities and applies to visitors to our website with respect to the information they share and\/or collect with INEXAUTO. This policy does not apply to any information collected off-line or through channels other than this website.<\/p><h3><strong>Consent<\/strong><\/h3><p>By using our website, you agree to our privacy policy and agree to its terms.<\/p><h3><strong>Collecting information<\/strong><\/h3><p>The personal information that is requested and the reasons for the request will be explained to you at the time we ask for the personal information.<\/p><p>If you contact us directly, we may receive additional information about you, such as your name, email email address, phone number, message content and\/or attachments you may send us, and any other information you may choose to provide.<\/p><p>When you sign up for an account, we may ask for your contact information, such as your name, company name, address, email address, etc. postal address and telephone number.<\/p><h3><strong>How we use your information<\/strong><\/h3><p>We use the information we collect in a number of ways, including:<\/p><p>\u2022 To provide, manage and maintain our website;<\/p><p>\u2022 Improve, customize and expand our website;<\/p><p>\u2022 To understand and analyze how you use our website;<\/p><p>\u2022 For the development of new products, services, functions and functionality;<\/p><p>\u2022 Communicate with you directly or through one of our partners, including for customer service, updates and other website-related information, marketing and advertising purposes;<\/p><p>\u2022 Send you an email Letters;<\/p><p>\u2022 Search for and prevent fraud.<\/p><h3><strong>Log files<\/strong><\/h3><p>INEXAUTO follows a standard procedure for using log files. These files record visitors when they visit websites. All hosting companies do this, and it's part of hosting analytics. Information collected in log files includes Internet Protocol (IP) addresses, browser type, Internet Service Provider (ISP), date and time stamp, referring\/exit pages, and possibly the number of clicks. This data is not linked to any personally identifiable information. The purpose of this information is to analyze trends, administer the site, track users' movement on the site and gather demographic information.<\/p><h3><strong>Privacy Policy of Advertising Partners<\/strong><\/h3><p>You can find the privacy policy of each INEXAUTO advertising partner in this list.<\/p><p>Third-party ad servers or ad networks use technologies such as cookies, JavaScript, or web beacons that are used in their respective ads and links displayed on INEXAUTO, which are sent directly to users' browsers. In this case, they automatically receive your IP address. These technologies are used to measure the effectiveness of their advertising campaigns and\/or to tailor the advertising content you see on the websites you visit.<\/p><p>Please note that INEXAUTO has no access to and does not control these cookies used by third-party advertisers.<\/p><h3><strong>Third party privacy policies<\/strong><\/h3><p>INEXAUTO's privacy policy does not apply to other advertisers or websites. Therefore, we advise you to consult the respective privacy policies of these third-party ad servers for more detailed information. It may include their practices and instructions on how to opt out of certain options.<\/p><p>You can disable cookies using your individual browser options. For more detailed information on cookie management with specific web browsers, please refer to the respective browser websites. Our privacy policy was created using Verslas Media's privacy policy creation tool.<\/p><h3><strong>CCPA Privacy Rights<\/strong><\/h3><p>Under the CCPA, among other rights, consumers have the right to:<\/p><p>\u2022 require that the company collecting the user's personal data discloses what categories and what specific personal data about the users it has collected.<\/p><p>\u2022 require the company to delete all user personal data collected by the company.<\/p><p>\u2022 require that the company that sells the user's personal data does not sell the user's personal data.<\/p><p>If you submit a request, we must respond within a month. If you wish to exercise any of these rights, please contact us.<\/p><h3><strong>GDPR data protection rights<\/strong><\/h3><p>We would like to make sure that you are aware of all your data protection rights. Each user has the following rights:<\/p><p>Right of access \u2013 you have the right to request copies of your personal data. We may charge a small fee for this service.<\/p><p>Right to rectification - You have the right to ask us to correct any information that you believe is inaccurate. You also have the right to request the addition of information that you consider to be incomplete.<\/p><p>Right to erasure - You have the right to request that we erase your personal data under certain conditions.<\/p><p>Right to restrict processing - you have the right to request that we restrict the processing of your personal data under certain conditions.<\/p><p>Right to object to processing - You have the right to object to us processing your personal data under certain conditions.<\/p><p>Right to data portability \u2013 You have the right to request that we transfer the data we collect to another organization or directly to you under certain conditions.<\/p><p>If you submit a request, we must respond within a month. If you wish to exercise any of these rights, please contact us.<\/p><h3><strong>Information regarding children's use of the website<\/strong><\/h3><p>Our next priority is to ensure the safety of children when using the Internet. We encourage parents and guardians to monitor, participate and\/or control their online activities. inexauto does not knowingly collect any personal information from children under the age of 13. If you believe that your child has submitted such information on our website, we urge you to contact us immediately and we will do everything possible to have such information removed from our records immediately.<\/p><h3><strong>Contact for questions<\/strong><\/h3><p><a href=\"https:\/\/inexauto.com\/en\/\">inexauto.com<\/a><\/p><p><a href=\"mailto:martynas@inexauto.com\">martynas@inexauto.com<\/a><\/p><p>Lithuania<\/p>\t\t\t\t\t\t\t\t<\/div>\n\t\t\t\t<\/div>\n\t\t\t\t\t<\/div>\n\t\t\t\t<\/div>\n\t\t\t\t<\/div>","protected":false},"excerpt":{"rendered":"<p>Privatumo politika Redaguota ir galioja nuo: 2024-08-14 \u012e\u017eanga INEXAUTO el. parduotuv\u0117je, kuri yra adresu www.inexauto.com, vienas i\u0161 svarbiausi\u0173 m\u016bs\u0173 prioritet\u0173<\/p>","protected":false},"author":1,"featured_media":0,"parent":0,"menu_order":0,"comment_status":"closed","ping_status":"open","template":"","meta":{"footnotes":""},"class_list":["post-3","page","type-page","status-publish","hentry"],"yoast_head":"<!-- This site is optimized with the Yoast SEO plugin v27.4 - https:\/\/yoast.com\/product\/yoast-seo-wordpress\/ -->\n<title>Privatumo politika - INEX AUTO<\/title>\n<meta name=\"description\" content=\"INEX AUTO Privatumo politika vienas i\u0161 svarbiausi\u0173 m\u016bs\u0173 prioritet\u0173 yra m\u016bs\u0173 lankytoj\u0173 privatumas. www.inexauto.lt\" \/>\n<meta name=\"robots\" content=\"index, follow, max-snippet:-1, max-image-preview:large, max-video-preview:-1\" \/>\n<link rel=\"canonical\" href=\"https:\/\/inexauto.com\/en\/privatumo-politika\/\" \/>\n<meta property=\"og:locale\" content=\"en_GB\" \/>\n<meta property=\"og:type\" content=\"article\" \/>\n<meta property=\"og:title\" content=\"Privatumo politika - INEX AUTO\" \/>\n<meta property=\"og:description\" content=\"INEX AUTO Privatumo politika vienas i\u0161 svarbiausi\u0173 m\u016bs\u0173 prioritet\u0173 yra m\u016bs\u0173 lankytoj\u0173 privatumas. www.inexauto.lt\" \/>\n<meta property=\"og:url\" content=\"https:\/\/inexauto.com\/en\/privatumo-politika\/\" \/>\n<meta property=\"og:site_name\" content=\"INEX AUTO\" \/>\n<meta property=\"article:modified_time\" content=\"2024-09-13T13:34:09+00:00\" \/>\n<meta name=\"twitter:card\" content=\"summary_large_image\" \/>\n<meta name=\"twitter:label1\" content=\"Estimated reading time\" \/>\n\t<meta name=\"twitter:data1\" content=\"5 minutes\" \/>\n<script type=\"application\/ld+json\" class=\"yoast-schema-graph\">{\"@context\":\"https:\\\/\\\/schema.org\",\"@graph\":[{\"@type\":\"WebPage\",\"@id\":\"https:\\\/\\\/inexauto.com\\\/privatumo-politika\\\/\",\"url\":\"https:\\\/\\\/inexauto.com\\\/privatumo-politika\\\/\",\"name\":\"Privatumo politika - INEX AUTO\",\"isPartOf\":{\"@id\":\"https:\\\/\\\/inexauto.com\\\/#website\"},\"datePublished\":\"2024-07-15T05:43:14+00:00\",\"dateModified\":\"2024-09-13T13:34:09+00:00\",\"description\":\"INEX AUTO Privatumo politika vienas i\u0161 svarbiausi\u0173 m\u016bs\u0173 prioritet\u0173 yra m\u016bs\u0173 lankytoj\u0173 privatumas. www.inexauto.lt\",\"breadcrumb\":{\"@id\":\"https:\\\/\\\/inexauto.com\\\/privatumo-politika\\\/#breadcrumb\"},\"inLanguage\":\"en-GB\",\"potentialAction\":[{\"@type\":\"ReadAction\",\"target\":[\"https:\\\/\\\/inexauto.com\\\/privatumo-politika\\\/\"]}]},{\"@type\":\"BreadcrumbList\",\"@id\":\"https:\\\/\\\/inexauto.com\\\/privatumo-politika\\\/#breadcrumb\",\"itemListElement\":[{\"@type\":\"ListItem\",\"position\":1,\"name\":\"Prad\u017eia\",\"item\":\"https:\\\/\\\/inexauto.com\\\/\"},{\"@type\":\"ListItem\",\"position\":2,\"name\":\"Privatumo politika\"}]},{\"@type\":\"WebSite\",\"@id\":\"https:\\\/\\\/inexauto.com\\\/#website\",\"url\":\"https:\\\/\\\/inexauto.com\\\/\",\"name\":\"INEX AUTO\",\"description\":\"Automobiliai i\u0161 Amerikos\",\"publisher\":{\"@id\":\"https:\\\/\\\/inexauto.com\\\/#organization\"},\"potentialAction\":[{\"@type\":\"SearchAction\",\"target\":{\"@type\":\"EntryPoint\",\"urlTemplate\":\"https:\\\/\\\/inexauto.com\\\/?s={search_term_string}\"},\"query-input\":{\"@type\":\"PropertyValueSpecification\",\"valueRequired\":true,\"valueName\":\"search_term_string\"}}],\"inLanguage\":\"en-GB\"},{\"@type\":\"Organization\",\"@id\":\"https:\\\/\\\/inexauto.com\\\/#organization\",\"name\":\"INEXAUTO\",\"url\":\"https:\\\/\\\/inexauto.com\\\/\",\"logo\":{\"@type\":\"ImageObject\",\"inLanguage\":\"en-GB\",\"@id\":\"https:\\\/\\\/inexauto.com\\\/#\\\/schema\\\/logo\\\/image\\\/\",\"url\":\"https:\\\/\\\/inexauto.com\\\/wp-content\\\/uploads\\\/2024\\\/07\\\/inexauto-logo.png\",\"contentUrl\":\"https:\\\/\\\/inexauto.com\\\/wp-content\\\/uploads\\\/2024\\\/07\\\/inexauto-logo.png\",\"width\":718,\"height\":471,\"caption\":\"INEXAUTO\"},\"image\":{\"@id\":\"https:\\\/\\\/inexauto.com\\\/#\\\/schema\\\/logo\\\/image\\\/\"}}]}<\/script>\n<!-- \/ Yoast SEO plugin. -->","yoast_head_json":{"title":"Privatumo politika - INEX AUTO","description":"INEX AUTO Privatumo politika vienas i\u0161 svarbiausi\u0173 m\u016bs\u0173 prioritet\u0173 yra m\u016bs\u0173 lankytoj\u0173 privatumas. www.inexauto.lt","robots":{"index":"index","follow":"follow","max-snippet":"max-snippet:-1","max-image-preview":"max-image-preview:large","max-video-preview":"max-video-preview:-1"},"canonical":"https:\/\/inexauto.com\/en\/privatumo-politika\/","og_locale":"en_GB","og_type":"article","og_title":"Privatumo politika - INEX AUTO","og_description":"INEX AUTO Privatumo politika vienas i\u0161 svarbiausi\u0173 m\u016bs\u0173 prioritet\u0173 yra m\u016bs\u0173 lankytoj\u0173 privatumas. www.inexauto.lt","og_url":"https:\/\/inexauto.com\/en\/privatumo-politika\/","og_site_name":"INEX AUTO","article_modified_time":"2024-09-13T13:34:09+00:00","twitter_card":"summary_large_image","twitter_misc":{"Estimated reading time":"5 minutes"},"schema":{"@context":"https:\/\/schema.org","@graph":[{"@type":"WebPage","@id":"https:\/\/inexauto.com\/privatumo-politika\/","url":"https:\/\/inexauto.com\/privatumo-politika\/","name":"Privatumo politika - INEX AUTO","isPartOf":{"@id":"https:\/\/inexauto.com\/#website"},"datePublished":"2024-07-15T05:43:14+00:00","dateModified":"2024-09-13T13:34:09+00:00","description":"INEX AUTO Privatumo politika vienas i\u0161 svarbiausi\u0173 m\u016bs\u0173 prioritet\u0173 yra m\u016bs\u0173 lankytoj\u0173 privatumas. www.inexauto.lt","breadcrumb":{"@id":"https:\/\/inexauto.com\/privatumo-politika\/#breadcrumb"},"inLanguage":"en-GB","potentialAction":[{"@type":"ReadAction","target":["https:\/\/inexauto.com\/privatumo-politika\/"]}]},{"@type":"BreadcrumbList","@id":"https:\/\/inexauto.com\/privatumo-politika\/#breadcrumb","itemListElement":[{"@type":"ListItem","position":1,"name":"Prad\u017eia","item":"https:\/\/inexauto.com\/"},{"@type":"ListItem","position":2,"name":"Privatumo politika"}]},{"@type":"WebSite","@id":"https:\/\/inexauto.com\/#website","url":"https:\/\/inexauto.com\/","name":"INEX AUTO","description":"Cars from America","publisher":{"@id":"https:\/\/inexauto.com\/#organization"},"potentialAction":[{"@type":"SearchAction","target":{"@type":"EntryPoint","urlTemplate":"https:\/\/inexauto.com\/?s={search_term_string}"},"query-input":{"@type":"PropertyValueSpecification","valueRequired":true,"valueName":"search_term_string"}}],"inLanguage":"en-GB"},{"@type":"Organization","@id":"https:\/\/inexauto.com\/#organization","name":"INEXAUTO","url":"https:\/\/inexauto.com\/","logo":{"@type":"ImageObject","inLanguage":"en-GB","@id":"https:\/\/inexauto.com\/#\/schema\/logo\/image\/","url":"https:\/\/inexauto.com\/wp-content\/uploads\/2024\/07\/inexauto-logo.png","contentUrl":"https:\/\/inexauto.com\/wp-content\/uploads\/2024\/07\/inexauto-logo.png","width":718,"height":471,"caption":"INEXAUTO"},"image":{"@id":"https:\/\/inexauto.com\/#\/schema\/logo\/image\/"}}]}},"_links":{"self":[{"href":"https:\/\/inexauto.com\/en\/wp-json\/wp\/v2\/pages\/3","targetHints":{"allow":["GET"]}}],"collection":[{"href":"https:\/\/inexauto.com\/en\/wp-json\/wp\/v2\/pages"}],"about":[{"href":"https:\/\/inexauto.com\/en\/wp-json\/wp\/v2\/types\/page"}],"author":[{"embeddable":true,"href":"https:\/\/inexauto.com\/en\/wp-json\/wp\/v2\/users\/1"}],"replies":[{"embeddable":true,"href":"https:\/\/inexauto.com\/en\/wp-json\/wp\/v2\/comments?post=3"}],"version-history":[{"count":16,"href":"https:\/\/inexauto.com\/en\/wp-json\/wp\/v2\/pages\/3\/revisions"}],"predecessor-version":[{"id":3175,"href":"https:\/\/inexauto.com\/en\/wp-json\/wp\/v2\/pages\/3\/revisions\/3175"}],"wp:attachment":[{"href":"https:\/\/inexauto.com\/en\/wp-json\/wp\/v2\/media?parent=3"}],"curies":[{"name":"wp","href":"https:\/\/api.w.org\/{rel}","templated":true}]}}