{"id":291,"date":"2022-05-23T11:11:48","date_gmt":"2022-05-23T11:11:48","guid":{"rendered":"http:\/\/dummy.xtemos.com\/woodmart2\/megamarket-elementor\/?page_id=291"},"modified":"2024-08-14T13:27:06","modified_gmt":"2024-08-14T10:27:06","slug":"isiminti-automobiliai","status":"publish","type":"page","link":"https:\/\/inexauto.com\/en\/isiminti-automobiliai\/","title":{"rendered":"Wishlist"},"content":{"rendered":"<div data-elementor-type=\"wp-page\" data-elementor-id=\"291\" class=\"elementor elementor-291\" data-elementor-post-type=\"page\">\n\t\t\t\t<div class=\"wd-negative-gap elementor-element elementor-element-bdf4c64 e-flex e-con-boxed e-con e-parent\" data-id=\"bdf4c64\" data-element_type=\"container\" data-e-type=\"container\" data-settings=\"{&quot;background_background&quot;:&quot;classic&quot;}\">\n\t\t\t\t\t<div class=\"e-con-inner\">\n\t\t\t\t<div class=\"elementor-element elementor-element-3eab040 elementor-widget elementor-widget-heading\" data-id=\"3eab040\" data-element_type=\"widget\" data-e-type=\"widget\" data-widget_type=\"heading.default\">\n\t\t\t\t<div class=\"elementor-widget-container\">\n\t\t\t\t\t<h1 class=\"elementor-heading-title elementor-size-default\">Wishlist<\/h1>\t\t\t\t<\/div>\n\t\t\t\t<\/div>\n\t\t\t\t\t<\/div>\n\t\t\t\t<\/div>\n\t\t<div class=\"wd-negative-gap elementor-element elementor-element-fcc546b e-flex e-con-boxed e-con e-parent\" data-id=\"fcc546b\" data-element_type=\"container\" data-e-type=\"container\">\n\t\t\t\t\t<div class=\"e-con-inner\">\n\t\t\t\t<div class=\"elementor-element elementor-element-7dcdc3f elementor-widget elementor-widget-shortcode\" data-id=\"7dcdc3f\" data-element_type=\"widget\" data-e-type=\"widget\" data-widget_type=\"shortcode.default\">\n\t\t\t\t<div class=\"elementor-widget-container\">\n\t\t\t\t\t\t\t<div class=\"elementor-shortcode\">\t\t\n\t\t\n\t\t<div class=\"\">\n\t\t\t\t\t\t<div class=\"wd-wishlist-content\">\n\t\t\t\t\t\t\t\t\t\t\t\n\t\t<p class=\"wd-empty-wishlist wd-empty-page\">\n\t\t\tThis wishlist is empty.\t\t<\/p>\n\n\t\t\t\t\t<div class=\"wd-empty-page-text\">\n\t\t\t\t\u012esimint\u0173 automobili\u0173 dar n\u0117ra.\t\t\t<\/div>\n\t\t\n\t\t\n\t\t\t\t\t<p class=\"return-to-shop\">\n\t\t\t\t<a class=\"button\" href=\"https:\/\/inexauto.com\/en\/automobiliai\/\">\n\t\t\t\t\tReturn to shop\t\t\t\t<\/a>\n\t\t\t<\/p>\n\t\t\t\t\t\t\t\t\t\t\t<\/div>\n\t\t\t\t<\/div>\n\t\t<\/div>\n\t\t\t\t\t\t<\/div>\n\t\t\t\t<\/div>\n\t\t\t\t\t<\/div>\n\t\t\t\t<\/div>\n\t\t\t\t<\/div>","protected":false},"excerpt":{"rendered":"<p>Wishlist<\/p>","protected":false},"author":1,"featured_media":0,"parent":0,"menu_order":0,"comment_status":"closed","ping_status":"closed","template":"","meta":{"footnotes":""},"class_list":["post-291","page","type-page","status-publish","hentry"],"yoast_head":"<!-- This site is optimized with the Yoast SEO plugin v27.4 - https:\/\/yoast.com\/product\/yoast-seo-wordpress\/ -->\n<title>\u012esiminti automobiliai - INEX AUTO<\/title>\n<meta name=\"description\" content=\"UAB INEX AUTO - J\u016bs\u0173 s\u0117km\u0117s kelias automobili\u0173 versle!\" \/>\n<meta name=\"robots\" content=\"index, follow, max-snippet:-1, max-image-preview:large, max-video-preview:-1\" \/>\n<link rel=\"canonical\" href=\"https:\/\/inexauto.com\/en\/isiminti-automobiliai\/\" \/>\n<meta property=\"og:locale\" content=\"en_GB\" \/>\n<meta property=\"og:type\" content=\"article\" \/>\n<meta property=\"og:title\" content=\"\u012esiminti automobiliai - INEX AUTO\" \/>\n<meta property=\"og:description\" content=\"UAB INEX AUTO - J\u016bs\u0173 s\u0117km\u0117s kelias automobili\u0173 versle!\" \/>\n<meta property=\"og:url\" content=\"https:\/\/inexauto.com\/en\/isiminti-automobiliai\/\" \/>\n<meta property=\"og:site_name\" content=\"INEX AUTO\" \/>\n<meta property=\"article:modified_time\" content=\"2024-08-14T10:27:06+00:00\" \/>\n<meta name=\"twitter:card\" content=\"summary_large_image\" \/>\n<meta name=\"twitter:label1\" content=\"Estimated reading time\" \/>\n\t<meta name=\"twitter:data1\" content=\"1 minute\" \/>\n<script type=\"application\/ld+json\" class=\"yoast-schema-graph\">{\"@context\":\"https:\\\/\\\/schema.org\",\"@graph\":[{\"@type\":\"WebPage\",\"@id\":\"https:\\\/\\\/inexauto.com\\\/isiminti-automobiliai\\\/\",\"url\":\"https:\\\/\\\/inexauto.com\\\/isiminti-automobiliai\\\/\",\"name\":\"\u012esiminti automobiliai - INEX AUTO\",\"isPartOf\":{\"@id\":\"https:\\\/\\\/inexauto.com\\\/#website\"},\"datePublished\":\"2022-05-23T11:11:48+00:00\",\"dateModified\":\"2024-08-14T10:27:06+00:00\",\"description\":\"UAB INEX AUTO - J\u016bs\u0173 s\u0117km\u0117s kelias automobili\u0173 versle!\",\"breadcrumb\":{\"@id\":\"https:\\\/\\\/inexauto.com\\\/isiminti-automobiliai\\\/#breadcrumb\"},\"inLanguage\":\"en-GB\",\"potentialAction\":[{\"@type\":\"ReadAction\",\"target\":[\"https:\\\/\\\/inexauto.com\\\/isiminti-automobiliai\\\/\"]}]},{\"@type\":\"BreadcrumbList\",\"@id\":\"https:\\\/\\\/inexauto.com\\\/isiminti-automobiliai\\\/#breadcrumb\",\"itemListElement\":[{\"@type\":\"ListItem\",\"position\":1,\"name\":\"Prad\u017eia\",\"item\":\"https:\\\/\\\/inexauto.com\\\/\"},{\"@type\":\"ListItem\",\"position\":2,\"name\":\"\u012esiminti automobiliai\"}]},{\"@type\":\"WebSite\",\"@id\":\"https:\\\/\\\/inexauto.com\\\/#website\",\"url\":\"https:\\\/\\\/inexauto.com\\\/\",\"name\":\"INEX AUTO\",\"description\":\"Automobiliai i\u0161 Amerikos\",\"publisher\":{\"@id\":\"https:\\\/\\\/inexauto.com\\\/#organization\"},\"potentialAction\":[{\"@type\":\"SearchAction\",\"target\":{\"@type\":\"EntryPoint\",\"urlTemplate\":\"https:\\\/\\\/inexauto.com\\\/?s={search_term_string}\"},\"query-input\":{\"@type\":\"PropertyValueSpecification\",\"valueRequired\":true,\"valueName\":\"search_term_string\"}}],\"inLanguage\":\"en-GB\"},{\"@type\":\"Organization\",\"@id\":\"https:\\\/\\\/inexauto.com\\\/#organization\",\"name\":\"INEXAUTO\",\"url\":\"https:\\\/\\\/inexauto.com\\\/\",\"logo\":{\"@type\":\"ImageObject\",\"inLanguage\":\"en-GB\",\"@id\":\"https:\\\/\\\/inexauto.com\\\/#\\\/schema\\\/logo\\\/image\\\/\",\"url\":\"https:\\\/\\\/inexauto.com\\\/wp-content\\\/uploads\\\/2024\\\/07\\\/inexauto-logo.png\",\"contentUrl\":\"https:\\\/\\\/inexauto.com\\\/wp-content\\\/uploads\\\/2024\\\/07\\\/inexauto-logo.png\",\"width\":718,\"height\":471,\"caption\":\"INEXAUTO\"},\"image\":{\"@id\":\"https:\\\/\\\/inexauto.com\\\/#\\\/schema\\\/logo\\\/image\\\/\"}}]}<\/script>\n<!-- \/ Yoast SEO plugin. -->","yoast_head_json":{"title":"\u012esiminti automobiliai - INEX AUTO","description":"UAB INEX AUTO - Your path to success in the car business!","robots":{"index":"index","follow":"follow","max-snippet":"max-snippet:-1","max-image-preview":"max-image-preview:large","max-video-preview":"max-video-preview:-1"},"canonical":"https:\/\/inexauto.com\/en\/isiminti-automobiliai\/","og_locale":"en_GB","og_type":"article","og_title":"\u012esiminti automobiliai - INEX AUTO","og_description":"UAB INEX AUTO - J\u016bs\u0173 s\u0117km\u0117s kelias automobili\u0173 versle!","og_url":"https:\/\/inexauto.com\/en\/isiminti-automobiliai\/","og_site_name":"INEX AUTO","article_modified_time":"2024-08-14T10:27:06+00:00","twitter_card":"summary_large_image","twitter_misc":{"Estimated reading time":"1 minute"},"schema":{"@context":"https:\/\/schema.org","@graph":[{"@type":"WebPage","@id":"https:\/\/inexauto.com\/isiminti-automobiliai\/","url":"https:\/\/inexauto.com\/isiminti-automobiliai\/","name":"\u012esiminti automobiliai - INEX AUTO","isPartOf":{"@id":"https:\/\/inexauto.com\/#website"},"datePublished":"2022-05-23T11:11:48+00:00","dateModified":"2024-08-14T10:27:06+00:00","description":"UAB INEX AUTO - Your path to success in the car business!","breadcrumb":{"@id":"https:\/\/inexauto.com\/isiminti-automobiliai\/#breadcrumb"},"inLanguage":"en-GB","potentialAction":[{"@type":"ReadAction","target":["https:\/\/inexauto.com\/isiminti-automobiliai\/"]}]},{"@type":"BreadcrumbList","@id":"https:\/\/inexauto.com\/isiminti-automobiliai\/#breadcrumb","itemListElement":[{"@type":"ListItem","position":1,"name":"Prad\u017eia","item":"https:\/\/inexauto.com\/"},{"@type":"ListItem","position":2,"name":"\u012esiminti automobiliai"}]},{"@type":"WebSite","@id":"https:\/\/inexauto.com\/#website","url":"https:\/\/inexauto.com\/","name":"INEX AUTO","description":"Cars from America","publisher":{"@id":"https:\/\/inexauto.com\/#organization"},"potentialAction":[{"@type":"SearchAction","target":{"@type":"EntryPoint","urlTemplate":"https:\/\/inexauto.com\/?s={search_term_string}"},"query-input":{"@type":"PropertyValueSpecification","valueRequired":true,"valueName":"search_term_string"}}],"inLanguage":"en-GB"},{"@type":"Organization","@id":"https:\/\/inexauto.com\/#organization","name":"INEXAUTO","url":"https:\/\/inexauto.com\/","logo":{"@type":"ImageObject","inLanguage":"en-GB","@id":"https:\/\/inexauto.com\/#\/schema\/logo\/image\/","url":"https:\/\/inexauto.com\/wp-content\/uploads\/2024\/07\/inexauto-logo.png","contentUrl":"https:\/\/inexauto.com\/wp-content\/uploads\/2024\/07\/inexauto-logo.png","width":718,"height":471,"caption":"INEXAUTO"},"image":{"@id":"https:\/\/inexauto.com\/#\/schema\/logo\/image\/"}}]}},"_links":{"self":[{"href":"https:\/\/inexauto.com\/en\/wp-json\/wp\/v2\/pages\/291","targetHints":{"allow":["GET"]}}],"collection":[{"href":"https:\/\/inexauto.com\/en\/wp-json\/wp\/v2\/pages"}],"about":[{"href":"https:\/\/inexauto.com\/en\/wp-json\/wp\/v2\/types\/page"}],"author":[{"embeddable":true,"href":"https:\/\/inexauto.com\/en\/wp-json\/wp\/v2\/users\/1"}],"replies":[{"embeddable":true,"href":"https:\/\/inexauto.com\/en\/wp-json\/wp\/v2\/comments?post=291"}],"version-history":[{"count":6,"href":"https:\/\/inexauto.com\/en\/wp-json\/wp\/v2\/pages\/291\/revisions"}],"predecessor-version":[{"id":2828,"href":"https:\/\/inexauto.com\/en\/wp-json\/wp\/v2\/pages\/291\/revisions\/2828"}],"wp:attachment":[{"href":"https:\/\/inexauto.com\/en\/wp-json\/wp\/v2\/media?parent=291"}],"curies":[{"name":"wp","href":"https:\/\/api.w.org\/{rel}","templated":true}]}}